{"id":467,"date":"2023-06-09T06:49:26","date_gmt":"2023-06-09T06:49:26","guid":{"rendered":"https:\/\/media-more.de\/?page_id=467"},"modified":"2023-06-19T14:09:18","modified_gmt":"2023-06-19T14:09:18","slug":"impressum","status":"publish","type":"page","link":"https:\/\/media-more.de\/en\/impressum\/","title":{"rendered":"Imprint"},"content":{"rendered":"<div data-elementor-type=\"wp-page\" data-elementor-id=\"467\" class=\"elementor elementor-467\" data-elementor-post-type=\"page\">\n\t\t\t\t<div class=\"elementor-element elementor-element-4927f3e e-flex e-con-boxed e-con e-parent\" data-id=\"4927f3e\" data-element_type=\"container\" data-e-type=\"container\">\n\t\t\t\t\t<div class=\"e-con-inner\">\n\t\t\t\t<div class=\"elementor-element elementor-element-1b7f545 elementor-widget elementor-widget-text-editor\" data-id=\"1b7f545\" data-element_type=\"widget\" data-e-type=\"widget\" data-widget_type=\"text-editor.default\">\n\t\t\t\t<div class=\"elementor-widget-container\">\n\t\t\t\t\t\t\t\t\t<h1>Imprint<\/h1>\t\t\t\t\t\t\t\t<\/div>\n\t\t\t\t<\/div>\n\t\t\t\t<div class=\"elementor-element elementor-element-ab88830 elementor-widget elementor-widget-text-editor\" data-id=\"ab88830\" data-element_type=\"widget\" data-e-type=\"widget\" data-widget_type=\"text-editor.default\">\n\t\t\t\t<div class=\"elementor-widget-container\">\n\t\t\t\t\t\t\t\t\t<p>media + more GmbH<br \/>Lindwurmstr. 88<br \/>80337 Munich<br \/>Tel (089) 747209-0<br \/>Fax (089) 747209-22<br \/>E-Mail: <a href=\"mailto:a.urek@media-more.de\">a.urek(at)media-more.de<\/a><\/p><p>\u00a0<\/p><p>Managing Director: Andreas Urek<br \/>Company Location: Munich, AG Munich<br \/>Commercial Register HRB No.: 106 490<br \/>Court of Jurisdiction: Munich<\/p><p>\u00a0<\/p><p>Value Added Tax - ID: DE 166759582<br \/>Tax code: 817\/29282<\/p><p>\u00a0<\/p><p>Disclaimer: Despite thorough content checks, we assume no liability for the content of external links. The liability for the content of any linked sites lies solely with their operators.<\/p><p>\u00a0<\/p><p>Website - Implementation: Gesellschaft f\u00fcr Netzwerkoptimierung mbH<\/p><h2>Terms of use<\/h2><p>Please read these Terms of Use carefully before using this site. By using this site, you signify your agreement with these Terms of Use. If you do not agree with any of the below Terms of Use, do not use this site. media + more reserves the right, in its sole discretion, to modify, alter or otherwise update these Terms of Use at any time and you agree to be bound by such modifications, alterations or updates<\/p><h2>Copyright<\/h2><p>The content, design and structure of this website are protected by copyright. All rights are reserved. Information or data (text, images, graphics, sound, video or animation files) from the Internet pages of media+more GmbH may not be used or exploited in any form, including excerpts thereof, without the prior written consent of media+more GmbH.<\/p><h2>Trademark<\/h2><p>All trademarks and logos used on this website are protected by copyright.<\/p>\t\t\t\t\t\t\t\t<\/div>\n\t\t\t\t<\/div>\n\t\t\t\t\t<\/div>\n\t\t\t\t<\/div>\n\t\t\t\t<\/div>","protected":false},"excerpt":{"rendered":"<p>Impressum media + more GmbHLindwurmstr. 8880337 M\u00fcnchenTel (089) 747209-0Fax (089) 747209-22E-Mail: a.urek(at)media-more.de \u00a0 Gesch\u00e4ftsf\u00fchrer: Andreas UrekSitz der Gesellschaft: M\u00fcnchen, AG M\u00fcnchenHandelsregister HRB Nr.: 106 490Gerichtsstand: M\u00fcnchen \u00a0 Umsatzsteuer \u2013 ID: DE 166759582Steuernummer: 817\/29282 \u00a0 Haftungshinweis: Trotz sorgf\u00e4ltiger inhaltlicher Kontrolle \u00fcbernehmen wir keine Haftung f\u00fcr die Inhalte externer Links. F\u00fcr den Inhalt der verlinkten Seiten ist [&hellip;]<\/p>\n","protected":false},"author":2,"featured_media":0,"parent":0,"menu_order":0,"comment_status":"closed","ping_status":"closed","template":"","meta":{"footnotes":""},"class_list":["post-467","page","type-page","status-publish","hentry"],"yoast_head":"<!-- This site is optimized with the Yoast SEO plugin v27.3 - https:\/\/yoast.com\/product\/yoast-seo-wordpress\/ -->\n<title>Impressum - media + more<\/title>\n<meta name=\"robots\" content=\"noindex, follow, max-snippet:-1, max-image-preview:large, max-video-preview:-1\" \/>\n<meta property=\"og:locale\" content=\"en_US\" \/>\n<meta property=\"og:type\" content=\"article\" \/>\n<meta property=\"og:title\" content=\"Impressum - media + more\" \/>\n<meta property=\"og:description\" content=\"Impressum media + more GmbHLindwurmstr. 8880337 M\u00fcnchenTel (089) 747209-0Fax (089) 747209-22E-Mail: a.urek(at)media-more.de \u00a0 Gesch\u00e4ftsf\u00fchrer: Andreas UrekSitz der Gesellschaft: M\u00fcnchen, AG M\u00fcnchenHandelsregister HRB Nr.: 106 490Gerichtsstand: M\u00fcnchen \u00a0 Umsatzsteuer \u2013 ID: DE 166759582Steuernummer: 817\/29282 \u00a0 Haftungshinweis: Trotz sorgf\u00e4ltiger inhaltlicher Kontrolle \u00fcbernehmen wir keine Haftung f\u00fcr die Inhalte externer Links. F\u00fcr den Inhalt der verlinkten Seiten ist [&hellip;]\" \/>\n<meta property=\"og:url\" content=\"https:\/\/media-more.de\/en\/impressum\/\" \/>\n<meta property=\"og:site_name\" content=\"media + more\" \/>\n<meta property=\"article:modified_time\" content=\"2023-06-19T14:09:18+00:00\" \/>\n<meta name=\"twitter:card\" content=\"summary_large_image\" \/>\n<meta name=\"twitter:label1\" content=\"Est. reading time\" \/>\n\t<meta name=\"twitter:data1\" content=\"1 minute\" \/>\n<script type=\"application\/ld+json\" class=\"yoast-schema-graph\">{\"@context\":\"https:\\\/\\\/schema.org\",\"@graph\":[{\"@type\":\"WebPage\",\"@id\":\"https:\\\/\\\/media-more.de\\\/impressum\\\/\",\"url\":\"https:\\\/\\\/media-more.de\\\/impressum\\\/\",\"name\":\"Impressum - media + more\",\"isPartOf\":{\"@id\":\"https:\\\/\\\/media-more.de\\\/#website\"},\"datePublished\":\"2023-06-09T06:49:26+00:00\",\"dateModified\":\"2023-06-19T14:09:18+00:00\",\"breadcrumb\":{\"@id\":\"https:\\\/\\\/media-more.de\\\/impressum\\\/#breadcrumb\"},\"inLanguage\":\"en-US\",\"potentialAction\":[{\"@type\":\"ReadAction\",\"target\":[\"https:\\\/\\\/media-more.de\\\/impressum\\\/\"]}]},{\"@type\":\"BreadcrumbList\",\"@id\":\"https:\\\/\\\/media-more.de\\\/impressum\\\/#breadcrumb\",\"itemListElement\":[{\"@type\":\"ListItem\",\"position\":1,\"name\":\"Startseite\",\"item\":\"https:\\\/\\\/media-more.de\\\/\"},{\"@type\":\"ListItem\",\"position\":2,\"name\":\"Impressum\"}]},{\"@type\":\"WebSite\",\"@id\":\"https:\\\/\\\/media-more.de\\\/#website\",\"url\":\"https:\\\/\\\/media-more.de\\\/\",\"name\":\"media + more\",\"description\":\"\",\"publisher\":{\"@id\":\"https:\\\/\\\/media-more.de\\\/#organization\"},\"potentialAction\":[{\"@type\":\"SearchAction\",\"target\":{\"@type\":\"EntryPoint\",\"urlTemplate\":\"https:\\\/\\\/media-more.de\\\/?s={search_term_string}\"},\"query-input\":{\"@type\":\"PropertyValueSpecification\",\"valueRequired\":true,\"valueName\":\"search_term_string\"}}],\"inLanguage\":\"en-US\"},{\"@type\":\"Organization\",\"@id\":\"https:\\\/\\\/media-more.de\\\/#organization\",\"name\":\"media + more\",\"url\":\"https:\\\/\\\/media-more.de\\\/\",\"logo\":{\"@type\":\"ImageObject\",\"inLanguage\":\"en-US\",\"@id\":\"https:\\\/\\\/media-more.de\\\/#\\\/schema\\\/logo\\\/image\\\/\",\"url\":\"https:\\\/\\\/media-more.de\\\/wp-content\\\/uploads\\\/2023\\\/06\\\/m_rgb_logo_schwarz-1.png\",\"contentUrl\":\"https:\\\/\\\/media-more.de\\\/wp-content\\\/uploads\\\/2023\\\/06\\\/m_rgb_logo_schwarz-1.png\",\"width\":966,\"height\":131,\"caption\":\"media + more\"},\"image\":{\"@id\":\"https:\\\/\\\/media-more.de\\\/#\\\/schema\\\/logo\\\/image\\\/\"}}]}<\/script>\n<!-- \/ Yoast SEO plugin. -->","yoast_head_json":{"title":"Impressum - media + more","robots":{"index":"noindex","follow":"follow","max-snippet":"max-snippet:-1","max-image-preview":"max-image-preview:large","max-video-preview":"max-video-preview:-1"},"og_locale":"en_US","og_type":"article","og_title":"Impressum - media + more","og_description":"Impressum media + more GmbHLindwurmstr. 8880337 M\u00fcnchenTel (089) 747209-0Fax (089) 747209-22E-Mail: a.urek(at)media-more.de \u00a0 Gesch\u00e4ftsf\u00fchrer: Andreas UrekSitz der Gesellschaft: M\u00fcnchen, AG M\u00fcnchenHandelsregister HRB Nr.: 106 490Gerichtsstand: M\u00fcnchen \u00a0 Umsatzsteuer \u2013 ID: DE 166759582Steuernummer: 817\/29282 \u00a0 Haftungshinweis: Trotz sorgf\u00e4ltiger inhaltlicher Kontrolle \u00fcbernehmen wir keine Haftung f\u00fcr die Inhalte externer Links. F\u00fcr den Inhalt der verlinkten Seiten ist [&hellip;]","og_url":"https:\/\/media-more.de\/en\/impressum\/","og_site_name":"media + more","article_modified_time":"2023-06-19T14:09:18+00:00","twitter_card":"summary_large_image","twitter_misc":{"Est. reading time":"1 minute"},"schema":{"@context":"https:\/\/schema.org","@graph":[{"@type":"WebPage","@id":"https:\/\/media-more.de\/impressum\/","url":"https:\/\/media-more.de\/impressum\/","name":"Impressum - media + more","isPartOf":{"@id":"https:\/\/media-more.de\/#website"},"datePublished":"2023-06-09T06:49:26+00:00","dateModified":"2023-06-19T14:09:18+00:00","breadcrumb":{"@id":"https:\/\/media-more.de\/impressum\/#breadcrumb"},"inLanguage":"en-US","potentialAction":[{"@type":"ReadAction","target":["https:\/\/media-more.de\/impressum\/"]}]},{"@type":"BreadcrumbList","@id":"https:\/\/media-more.de\/impressum\/#breadcrumb","itemListElement":[{"@type":"ListItem","position":1,"name":"Startseite","item":"https:\/\/media-more.de\/"},{"@type":"ListItem","position":2,"name":"Impressum"}]},{"@type":"WebSite","@id":"https:\/\/media-more.de\/#website","url":"https:\/\/media-more.de\/","name":"media + more","description":"","publisher":{"@id":"https:\/\/media-more.de\/#organization"},"potentialAction":[{"@type":"SearchAction","target":{"@type":"EntryPoint","urlTemplate":"https:\/\/media-more.de\/?s={search_term_string}"},"query-input":{"@type":"PropertyValueSpecification","valueRequired":true,"valueName":"search_term_string"}}],"inLanguage":"en-US"},{"@type":"Organization","@id":"https:\/\/media-more.de\/#organization","name":"media + more","url":"https:\/\/media-more.de\/","logo":{"@type":"ImageObject","inLanguage":"en-US","@id":"https:\/\/media-more.de\/#\/schema\/logo\/image\/","url":"https:\/\/media-more.de\/wp-content\/uploads\/2023\/06\/m_rgb_logo_schwarz-1.png","contentUrl":"https:\/\/media-more.de\/wp-content\/uploads\/2023\/06\/m_rgb_logo_schwarz-1.png","width":966,"height":131,"caption":"media + more"},"image":{"@id":"https:\/\/media-more.de\/#\/schema\/logo\/image\/"}}]}},"_links":{"self":[{"href":"https:\/\/media-more.de\/en\/wp-json\/wp\/v2\/pages\/467","targetHints":{"allow":["GET"]}}],"collection":[{"href":"https:\/\/media-more.de\/en\/wp-json\/wp\/v2\/pages"}],"about":[{"href":"https:\/\/media-more.de\/en\/wp-json\/wp\/v2\/types\/page"}],"author":[{"embeddable":true,"href":"https:\/\/media-more.de\/en\/wp-json\/wp\/v2\/users\/2"}],"replies":[{"embeddable":true,"href":"https:\/\/media-more.de\/en\/wp-json\/wp\/v2\/comments?post=467"}],"version-history":[{"count":34,"href":"https:\/\/media-more.de\/en\/wp-json\/wp\/v2\/pages\/467\/revisions"}],"predecessor-version":[{"id":998,"href":"https:\/\/media-more.de\/en\/wp-json\/wp\/v2\/pages\/467\/revisions\/998"}],"wp:attachment":[{"href":"https:\/\/media-more.de\/en\/wp-json\/wp\/v2\/media?parent=467"}],"curies":[{"name":"wp","href":"https:\/\/api.w.org\/{rel}","templated":true}]}}